{"id":453,"date":"2023-02-17T09:22:34","date_gmt":"2023-02-17T09:22:34","guid":{"rendered":"https:\/\/employ-me.eu\/?page_id=453"},"modified":"2024-04-29T16:14:00","modified_gmt":"2024-04-29T16:14:00","slug":"projektas","status":"publish","type":"page","link":"https:\/\/employ-me.eu\/?page_id=453&lang=lt","title":{"rendered":"Projektas"},"content":{"rendered":"\t\t<div data-elementor-type=\"wp-page\" data-elementor-id=\"453\" class=\"elementor elementor-453\" data-elementor-settings=\"{&quot;ha_cmc_init_switcher&quot;:&quot;no&quot;}\">\n\t\t\t\t\t\t<section class=\"elementor-section elementor-top-section elementor-element elementor-element-6d0b442 elementor-section-boxed elementor-section-height-default elementor-section-height-default\" data-id=\"6d0b442\" data-element_type=\"section\" data-e-type=\"section\" data-settings=\"{&quot;_ha_eqh_enable&quot;:false}\">\n\t\t\t\t\t\t<div class=\"elementor-container elementor-column-gap-default\">\n\t\t\t\t\t<div class=\"elementor-column elementor-col-100 elementor-top-column elementor-element elementor-element-e15e702\" data-id=\"e15e702\" data-element_type=\"column\" data-e-type=\"column\">\n\t\t\t<div class=\"elementor-widget-wrap\">\n\t\t\t\t\t\t\t<\/div>\n\t\t<\/div>\n\t\t\t\t\t<\/div>\n\t\t<\/section>\n\t\t\t\t<section class=\"elementor-section elementor-top-section elementor-element elementor-element-5062b02 elementor-section-boxed elementor-section-height-default elementor-section-height-default\" data-id=\"5062b02\" data-element_type=\"section\" data-e-type=\"section\" data-settings=\"{&quot;_ha_eqh_enable&quot;:false}\">\n\t\t\t\t\t\t<div class=\"elementor-container elementor-column-gap-default\">\n\t\t\t\t\t<div class=\"elementor-column elementor-col-100 elementor-top-column elementor-element elementor-element-74d3890\" data-id=\"74d3890\" data-element_type=\"column\" data-e-type=\"column\">\n\t\t\t<div class=\"elementor-widget-wrap\">\n\t\t\t\t\t\t\t<\/div>\n\t\t<\/div>\n\t\t\t\t\t<\/div>\n\t\t<\/section>\n\t\t\t\t<section class=\"elementor-section elementor-top-section elementor-element elementor-element-4ffaf65 elementor-section-boxed elementor-section-height-default elementor-section-height-default\" data-id=\"4ffaf65\" data-element_type=\"section\" data-e-type=\"section\" data-settings=\"{&quot;_ha_eqh_enable&quot;:false}\">\n\t\t\t\t\t\t<div class=\"elementor-container elementor-column-gap-default\">\n\t\t\t\t\t<div class=\"elementor-column elementor-col-100 elementor-top-column elementor-element elementor-element-fbcc594\" data-id=\"fbcc594\" data-element_type=\"column\" data-e-type=\"column\">\n\t\t\t<div class=\"elementor-widget-wrap\">\n\t\t\t\t\t\t\t<\/div>\n\t\t<\/div>\n\t\t\t\t\t<\/div>\n\t\t<\/section>\n\t\t\t\t<section class=\"elementor-section elementor-top-section elementor-element elementor-element-a15a26e elementor-section-boxed elementor-section-height-default elementor-section-height-default\" data-id=\"a15a26e\" data-element_type=\"section\" data-e-type=\"section\" data-settings=\"{&quot;_ha_eqh_enable&quot;:false}\">\n\t\t\t\t\t\t<div class=\"elementor-container elementor-column-gap-default\">\n\t\t\t\t\t<div class=\"elementor-column elementor-col-100 elementor-top-column elementor-element elementor-element-4003ed9\" data-id=\"4003ed9\" data-element_type=\"column\" data-e-type=\"column\">\n\t\t\t<div class=\"elementor-widget-wrap\">\n\t\t\t\t\t\t\t<\/div>\n\t\t<\/div>\n\t\t\t\t\t<\/div>\n\t\t<\/section>\n\t\t\t\t<section class=\"elementor-section elementor-top-section elementor-element elementor-element-12d02c7 elementor-section-boxed elementor-section-height-default elementor-section-height-default\" data-id=\"12d02c7\" data-element_type=\"section\" data-e-type=\"section\" data-settings=\"{&quot;background_background&quot;:&quot;video&quot;,&quot;background_video_link&quot;:&quot;https:\\\/\\\/employ-me.eu\\\/wp-content\\\/uploads\\\/2023\\\/01\\\/II_I\\u00bcI\\u00b1I_I\\u00afI\\u00b4I\\u00b9I\\u00b1-6432.mp4&quot;,&quot;background_video_start&quot;:4,&quot;background_video_end&quot;:70,&quot;background_play_on_mobile&quot;:&quot;yes&quot;,&quot;_ha_eqh_enable&quot;:false}\">\n\t\t\t\t\t\t\t\t<div class=\"elementor-background-video-container\">\n\t\t\t\t\t\t\t\t\t\t\t\t\t<video class=\"elementor-background-video-hosted\" role=\"presentation\" autoplay muted playsinline loop><\/video>\n\t\t\t\t\t\t\t\t\t\t\t<\/div>\n\t\t\t\t\t\t\t\t\t<div class=\"elementor-background-overlay\"><\/div>\n\t\t\t\t\t\t\t<div class=\"elementor-container elementor-column-gap-default\">\n\t\t\t\t\t<div class=\"elementor-column elementor-col-100 elementor-top-column elementor-element elementor-element-3a73328\" data-id=\"3a73328\" data-element_type=\"column\" data-e-type=\"column\">\n\t\t\t<div class=\"elementor-widget-wrap elementor-element-populated\">\n\t\t\t\t\t\t<div class=\"elementor-element elementor-element-9108737 elementor-widget elementor-widget-spacer\" data-id=\"9108737\" data-element_type=\"widget\" data-e-type=\"widget\" data-widget_type=\"spacer.default\">\n\t\t\t\t<div class=\"elementor-widget-container\">\n\t\t\t\t\t\t\t<div class=\"elementor-spacer\">\n\t\t\t<div class=\"elementor-spacer-inner\"><\/div>\n\t\t<\/div>\n\t\t\t\t\t\t<\/div>\n\t\t\t\t<\/div>\n\t\t\t\t<div class=\"elementor-element elementor-element-12fb960 elementor-widget elementor-widget-heading\" data-id=\"12fb960\" data-element_type=\"widget\" data-e-type=\"widget\" data-widget_type=\"heading.default\">\n\t\t\t\t<div class=\"elementor-widget-container\">\n\t\t\t\t\t<h2 class=\"elementor-heading-title elementor-size-default\">Projektas<\/h2>\t\t\t\t<\/div>\n\t\t\t\t<\/div>\n\t\t\t\t<div class=\"elementor-element elementor-element-af4c3c6 elementor-widget-divider--view-line elementor-widget elementor-widget-divider\" data-id=\"af4c3c6\" data-element_type=\"widget\" data-e-type=\"widget\" data-widget_type=\"divider.default\">\n\t\t\t\t<div class=\"elementor-widget-container\">\n\t\t\t\t\t\t\t<div class=\"elementor-divider\">\n\t\t\t<span class=\"elementor-divider-separator\">\n\t\t\t\t\t\t<\/span>\n\t\t<\/div>\n\t\t\t\t\t\t<\/div>\n\t\t\t\t<\/div>\n\t\t\t\t<div class=\"elementor-element elementor-element-0979bb5 elementor-widget elementor-widget-spacer\" data-id=\"0979bb5\" data-element_type=\"widget\" data-e-type=\"widget\" data-widget_type=\"spacer.default\">\n\t\t\t\t<div class=\"elementor-widget-container\">\n\t\t\t\t\t\t\t<div class=\"elementor-spacer\">\n\t\t\t<div class=\"elementor-spacer-inner\"><\/div>\n\t\t<\/div>\n\t\t\t\t\t\t<\/div>\n\t\t\t\t<\/div>\n\t\t\t\t<section class=\"elementor-section elementor-inner-section elementor-element elementor-element-9b06420 elementor-section-boxed elementor-section-height-default elementor-section-height-default\" data-id=\"9b06420\" data-element_type=\"section\" data-e-type=\"section\" data-settings=\"{&quot;_ha_eqh_enable&quot;:false}\">\n\t\t\t\t\t\t<div class=\"elementor-container elementor-column-gap-default\">\n\t\t\t\t\t<div class=\"elementor-column elementor-col-33 elementor-inner-column elementor-element elementor-element-3af57b1\" data-id=\"3af57b1\" data-element_type=\"column\" data-e-type=\"column\">\n\t\t\t<div class=\"elementor-widget-wrap elementor-element-populated\">\n\t\t\t\t\t\t<div class=\"elementor-element elementor-element-be4620b elementor-widget elementor-widget-heading\" data-id=\"be4620b\" data-element_type=\"widget\" data-e-type=\"widget\" data-widget_type=\"heading.default\">\n\t\t\t\t<div class=\"elementor-widget-container\">\n\t\t\t\t\t<h2 class=\"elementor-heading-title elementor-size-default\">Projekto apra\u0161ymas<\/h2>\t\t\t\t<\/div>\n\t\t\t\t<\/div>\n\t\t\t\t<div class=\"elementor-element elementor-element-67b9f5a elementor-widget elementor-widget-text-editor\" data-id=\"67b9f5a\" data-element_type=\"widget\" data-e-type=\"widget\" data-widget_type=\"text-editor.default\">\n\t\t\t\t<div class=\"elementor-widget-container\">\n\t\t\t\t\t\t\t\t\t<p>EMPLOY ME partneriai siekia sukurti nauj\u0105 inovatyvi\u0105 mokymo form\u0105, kuri \u012fgalins bedarbius 2-osios kartos migrantus pl\u0117toti, patobulinti ir pagerinti savo \u012fsidarbinimo \u012fg\u016bd\u017eius ir kompetencijas, taigi, pagerinti ir konkurencingum\u0105 darbo rinkoje. Galiausiai tai leis s\u0117kmingai integruoti jaunuosius 2-osios kartos migrantus \u012f vietos visuomen\u0119, sukuriant naud\u0105 bendruomen\u0117ms ir ekonomikai.\u00a0<\/p><p>Daugiausia d\u0117mesio skiriant \u012fsidarbinimo galimybi\u0173 didinimui, EUROSTAT leidinio \u201eMigrant\u0173 integracija, 2017 m. leidimas\u201c duomenys rodo, kad, nepaisant auk\u0161to i\u0161silavinimo lygio ir auk\u0161tesn\u0117s kvalifikacijos lygio migrantai da\u017eniau nei vietiniai gyventojai yra bedarbiai. Remiantis tuo pa\u010diu leidiniu, prane\u0161ama, kad prie \u0161ios situacijos prisideda su migracija susijusios darbo kli\u016btys, tokios kaip kalbos barjeras ir d\u0117l jo kylantys su bendravimu susij\u0119 i\u0161\u0161\u016bkiai, u\u017esienio kvalifikacijos ir patirties nepripa\u017einimas bei diskriminacija d\u0117l socialini\u0173 ir religini\u0173 prie\u017eas\u010di\u0173.<\/p>\t\t\t\t\t\t\t\t<\/div>\n\t\t\t\t<\/div>\n\t\t\t\t\t<\/div>\n\t\t<\/div>\n\t\t\t\t<div class=\"elementor-column elementor-col-33 elementor-inner-column elementor-element elementor-element-c4ba3ec\" data-id=\"c4ba3ec\" data-element_type=\"column\" data-e-type=\"column\">\n\t\t\t<div class=\"elementor-widget-wrap\">\n\t\t\t\t\t\t\t<\/div>\n\t\t<\/div>\n\t\t\t\t<div class=\"elementor-column elementor-col-33 elementor-inner-column elementor-element elementor-element-1460341\" data-id=\"1460341\" data-element_type=\"column\" data-e-type=\"column\">\n\t\t\t<div class=\"elementor-widget-wrap elementor-element-populated\">\n\t\t\t\t\t\t<div class=\"elementor-element elementor-element-296f737 elementor-widget elementor-widget-spacer\" data-id=\"296f737\" data-element_type=\"widget\" data-e-type=\"widget\" data-widget_type=\"spacer.default\">\n\t\t\t\t<div class=\"elementor-widget-container\">\n\t\t\t\t\t\t\t<div class=\"elementor-spacer\">\n\t\t\t<div class=\"elementor-spacer-inner\"><\/div>\n\t\t<\/div>\n\t\t\t\t\t\t<\/div>\n\t\t\t\t<\/div>\n\t\t\t\t<div class=\"elementor-element elementor-element-3cddb1a elementor-widget elementor-widget-image\" data-id=\"3cddb1a\" data-element_type=\"widget\" data-e-type=\"widget\" data-widget_type=\"image.default\">\n\t\t\t\t<div class=\"elementor-widget-container\">\n\t\t\t\t\t\t\t\t\t\t\t\t\t\t\t<img fetchpriority=\"high\" decoding=\"async\" width=\"300\" height=\"287\" src=\"https:\/\/employ-me.eu\/wp-content\/uploads\/2023\/01\/abstract1-300x287.png\" class=\"attachment-medium size-medium wp-image-214\" alt=\"\" srcset=\"https:\/\/employ-me.eu\/wp-content\/uploads\/2023\/01\/abstract1-300x287.png 300w, https:\/\/employ-me.eu\/wp-content\/uploads\/2023\/01\/abstract1.png 504w\" sizes=\"(max-width: 300px) 100vw, 300px\" \/>\t\t\t\t\t\t\t\t\t\t\t\t\t\t\t<\/div>\n\t\t\t\t<\/div>\n\t\t\t\t\t<\/div>\n\t\t<\/div>\n\t\t\t\t\t<\/div>\n\t\t<\/section>\n\t\t\t\t<div class=\"elementor-element elementor-element-7ed8f38 elementor-widget elementor-widget-text-editor\" data-id=\"7ed8f38\" data-element_type=\"widget\" data-e-type=\"widget\" data-widget_type=\"text-editor.default\">\n\t\t\t\t<div class=\"elementor-widget-container\">\n\t\t\t\t\t\t\t\t\t<p>Tod\u0117l Europos S\u0105junga turi rasti veiksmingus sprendimus, siekdama u\u017etikrinti s\u0117kming\u0105 jaun\u0173 2-osios kartos migrant\u0173 \u012ftraukim\u0105, o konkre\u010diau &#8211; u\u017eimtum\u0105, o tai yra esminis veiksnys siekiant maksimaliai i\u0161naudoti legalios migracijos teikiamas galimybes ir tuo pa\u010diu taip prisid\u0117ti prie ES vystymosi.<\/p>\t\t\t\t\t\t\t\t<\/div>\n\t\t\t\t<\/div>\n\t\t\t\t<div class=\"elementor-element elementor-element-b1d7410 elementor-widget elementor-widget-spacer\" data-id=\"b1d7410\" data-element_type=\"widget\" data-e-type=\"widget\" data-widget_type=\"spacer.default\">\n\t\t\t\t<div class=\"elementor-widget-container\">\n\t\t\t\t\t\t\t<div class=\"elementor-spacer\">\n\t\t\t<div class=\"elementor-spacer-inner\"><\/div>\n\t\t<\/div>\n\t\t\t\t\t\t<\/div>\n\t\t\t\t<\/div>\n\t\t\t\t<section class=\"elementor-section elementor-inner-section elementor-element elementor-element-db87879 elementor-section-boxed elementor-section-height-default elementor-section-height-default\" data-id=\"db87879\" data-element_type=\"section\" data-e-type=\"section\" data-settings=\"{&quot;_ha_eqh_enable&quot;:false}\">\n\t\t\t\t\t\t<div class=\"elementor-container elementor-column-gap-default\">\n\t\t\t\t\t<div class=\"elementor-column elementor-col-50 elementor-inner-column elementor-element elementor-element-5b578a7\" data-id=\"5b578a7\" data-element_type=\"column\" data-e-type=\"column\">\n\t\t\t<div class=\"elementor-widget-wrap elementor-element-populated\">\n\t\t\t\t\t\t<div class=\"elementor-element elementor-element-235970e elementor-widget elementor-widget-heading\" data-id=\"235970e\" data-element_type=\"widget\" data-e-type=\"widget\" data-widget_type=\"heading.default\">\n\t\t\t\t<div class=\"elementor-widget-container\">\n\t\t\t\t\t<h2 class=\"elementor-heading-title elementor-size-default\">Poveikis<\/h2>\t\t\t\t<\/div>\n\t\t\t\t<\/div>\n\t\t\t\t<div class=\"elementor-element elementor-element-6435b07 elementor-widget elementor-widget-text-editor\" data-id=\"6435b07\" data-element_type=\"widget\" data-e-type=\"widget\" data-widget_type=\"text-editor.default\">\n\t\t\t\t<div class=\"elementor-widget-container\">\n\t\t\t\t\t\t\t\t\t<p>EMPLOY ME siekia sustiprinti Europos darbotvark\u0119, skatinan\u010di\u0105 spr\u0119sti migrant\u0173 socialin\u0117s \u012ftraukties problem\u0105, pasitelkiant veiksmus, siekiant j\u0173 \u012ftraukimo \u012f \u0161vietim\u0105 ir, vis\u0173 pirma, u\u017eimtum\u0105.\u00a0<\/p><p>Taip bus skatinamas ekonomikos augimas, darbo viet\u0173 k\u016brimas ir nauj\u0173 \u012fg\u016bd\u017ei\u0173 ugdymas, kad visoje Europoje b\u016bt\u0173 panaikinta esama ekonomin\u0117 ir socialin\u0117 nelygyb\u0117.<\/p><p>Tikimasi, kad projektu EMPLOY ME bus pasiekta reik\u0161ming\u0173 rezultat\u0173:<br \/>\u2688 Pagerinti ir patobulinti jaun\u0173 bedarbi\u0173 antros kartos migrant\u0173 \u012fsidarbinimo \u012fg\u016bd\u017eiai ir kompetencijos;<br \/>\u2688 Didesn\u0117s jaun\u0173 antros kartos migrant\u0173 socialin\u0117s \u012ftraukties ir \u012fsidarbinimo galimyb\u0117s;<br \/>\u2688 Padid\u0117j\u0119s bendruomeni\u0173 ir socialin\u0117s \u012ftraukties iniciatyv\u0173 skai\u010dius, nes projektas skatins \u012fvairov\u0119, \u012fdarbindamas dalyvius i\u0161 skirting\u0173 visuomen\u0117s sluoksni\u0173 ir \u017emones turin\u010dius ma\u017eiau galimybi\u0173;<br \/>\u2688 Pagerinti su jaunimu dirban\u010di\u0173 darbuotoj\u0173, NVO ir kit\u0173 organizacij\u0173, dirban\u010di\u0173 su jaunais migrantais ir remian\u010di\u0173 juos, geb\u0117jimai tobulinti j\u0173 \u012fsidarbinimo \u012fg\u016bd\u017eius ir kompetencijas;<br \/>\u2688 Pagerinta \u0161vietimo program\u0173 ir kit\u0173 pana\u0161i\u0173 iniciatyv\u0173 bei veikl\u0173, si\u016blom\u0173 siekiant tobulinti ir ugdyti besimokan\u010di\u0173j\u0173 \u012fsidarbinimo \u012fg\u016bd\u017eius, kokyb\u0117;<br \/>\u2688 Potencialo i\u0161naudojimas ir nauda, kuri\u0105 teikia s\u0117kminga jaun\u0173 2-osios kartos migrant\u0173 integracija \u012f darbo rink\u0105;<br \/>\u2688 Vietos socialin\u0117s ir ekonomin\u0117s politikos tiksl\u0173 \u012fgyvendinimas, kuriame pabr\u0117\u017eiama, kaip svarbu remti jaunus \u017emones, ypa\u010d tuos, kuriems gresia atskirtis ir kurie turi ma\u017eiau galimybi\u0173 gauti auk\u0161tos kokyb\u0117s konsultacijas ir param\u0105.<\/p>\t\t\t\t\t\t\t\t<\/div>\n\t\t\t\t<\/div>\n\t\t\t\t\t<\/div>\n\t\t<\/div>\n\t\t\t\t<div class=\"elementor-column elementor-col-50 elementor-inner-column elementor-element elementor-element-c8df3c0\" data-id=\"c8df3c0\" data-element_type=\"column\" data-e-type=\"column\">\n\t\t\t<div class=\"elementor-widget-wrap\">\n\t\t\t\t\t\t\t<\/div>\n\t\t<\/div>\n\t\t\t\t\t<\/div>\n\t\t<\/section>\n\t\t\t\t\t<\/div>\n\t\t<\/div>\n\t\t\t\t\t<\/div>\n\t\t<\/section>\n\t\t\t\t<section class=\"elementor-section elementor-top-section elementor-element elementor-element-b3f7d43 elementor-section-boxed elementor-section-height-default elementor-section-height-default\" data-id=\"b3f7d43\" data-element_type=\"section\" data-e-type=\"section\" data-settings=\"{&quot;_ha_eqh_enable&quot;:false}\">\n\t\t\t\t\t\t<div class=\"elementor-container elementor-column-gap-default\">\n\t\t\t\t\t<div class=\"elementor-column elementor-col-33 elementor-top-column elementor-element elementor-element-b4f2b82\" data-id=\"b4f2b82\" data-element_type=\"column\" data-e-type=\"column\">\n\t\t\t<div class=\"elementor-widget-wrap elementor-element-populated\">\n\t\t\t\t\t\t<div class=\"elementor-element elementor-element-0415959 elementor-widget elementor-widget-spacer\" data-id=\"0415959\" data-element_type=\"widget\" data-e-type=\"widget\" data-widget_type=\"spacer.default\">\n\t\t\t\t<div class=\"elementor-widget-container\">\n\t\t\t\t\t\t\t<div class=\"elementor-spacer\">\n\t\t\t<div class=\"elementor-spacer-inner\"><\/div>\n\t\t<\/div>\n\t\t\t\t\t\t<\/div>\n\t\t\t\t<\/div>\n\t\t\t\t<div class=\"elementor-element elementor-element-c6b770e elementor-widget elementor-widget-image\" data-id=\"c6b770e\" data-element_type=\"widget\" data-e-type=\"widget\" data-widget_type=\"image.default\">\n\t\t\t\t<div class=\"elementor-widget-container\">\n\t\t\t\t\t\t\t\t\t\t\t\t\t\t\t<img decoding=\"async\" width=\"300\" height=\"63\" src=\"https:\/\/employ-me.eu\/wp-content\/uploads\/2023\/01\/EN_Co-funded_by_the_EU-300x63.png\" class=\"attachment-medium size-medium wp-image-173\" alt=\"\" srcset=\"https:\/\/employ-me.eu\/wp-content\/uploads\/2023\/01\/EN_Co-funded_by_the_EU-300x63.png 300w, https:\/\/employ-me.eu\/wp-content\/uploads\/2023\/01\/EN_Co-funded_by_the_EU-768x161.png 768w, https:\/\/employ-me.eu\/wp-content\/uploads\/2023\/01\/EN_Co-funded_by_the_EU-720x151.png 720w, https:\/\/employ-me.eu\/wp-content\/uploads\/2023\/01\/EN_Co-funded_by_the_EU.png 1024w\" sizes=\"(max-width: 300px) 100vw, 300px\" \/>\t\t\t\t\t\t\t\t\t\t\t\t\t\t\t<\/div>\n\t\t\t\t<\/div>\n\t\t\t\t<div class=\"elementor-element elementor-element-e5d8105 elementor-widget elementor-widget-text-editor\" data-id=\"e5d8105\" data-element_type=\"widget\" data-e-type=\"widget\" data-widget_type=\"text-editor.default\">\n\t\t\t\t<div class=\"elementor-widget-container\">\n\t\t\t\t\t\t\t\t\t<p>Finansuoja Europos S\u0105junga. Ta\u010diau i\u0161reik\u0161tos nuomon\u0117s ir po\u017ei\u016briai yra tik autoriaus (-i\u0173) ir neb\u016btinai atspindi Europos S\u0105jungos ar Europos \u0161vietimo ir kult\u016bros vykdomosios \u012fstaigos (EACEA) po\u017ei\u016br\u012f ir nuomon\u0119. Nei Europos S\u0105junga, nei EACEA negali b\u016bti u\u017e jas atsakingos. 2022-1-LT02-KA220-YOU-000089553<\/p>\t\t\t\t\t\t\t\t<\/div>\n\t\t\t\t<\/div>\n\t\t\t\t\t<\/div>\n\t\t<\/div>\n\t\t\t\t<div class=\"elementor-column elementor-col-33 elementor-top-column elementor-element elementor-element-ea8fd36\" data-id=\"ea8fd36\" data-element_type=\"column\" data-e-type=\"column\">\n\t\t\t<div class=\"elementor-widget-wrap\">\n\t\t\t\t\t\t\t<\/div>\n\t\t<\/div>\n\t\t\t\t<div class=\"elementor-column elementor-col-33 elementor-top-column elementor-element elementor-element-77e08b5\" data-id=\"77e08b5\" data-element_type=\"column\" data-e-type=\"column\">\n\t\t\t<div class=\"elementor-widget-wrap elementor-element-populated\">\n\t\t\t\t\t\t<div class=\"elementor-element elementor-element-515aa83 elementor-widget elementor-widget-spacer\" data-id=\"515aa83\" data-element_type=\"widget\" data-e-type=\"widget\" data-widget_type=\"spacer.default\">\n\t\t\t\t<div class=\"elementor-widget-container\">\n\t\t\t\t\t\t\t<div class=\"elementor-spacer\">\n\t\t\t<div class=\"elementor-spacer-inner\"><\/div>\n\t\t<\/div>\n\t\t\t\t\t\t<\/div>\n\t\t\t\t<\/div>\n\t\t\t\t<div class=\"elementor-element elementor-element-06bd704 elementor-widget elementor-widget-image\" data-id=\"06bd704\" data-element_type=\"widget\" data-e-type=\"widget\" data-widget_type=\"image.default\">\n\t\t\t\t<div class=\"elementor-widget-container\">\n\t\t\t\t\t\t\t\t\t\t\t\t\t\t\t<img decoding=\"async\" width=\"150\" height=\"150\" src=\"https:\/\/employ-me.eu\/wp-content\/uploads\/2023\/01\/Untitled-3-1-150x150.png\" class=\"attachment-thumbnail size-thumbnail wp-image-175\" alt=\"\" \/>\t\t\t\t\t\t\t\t\t\t\t\t\t\t\t<\/div>\n\t\t\t\t<\/div>\n\t\t\t\t<div class=\"elementor-element elementor-element-1c8f9a9 elementor-shape-circle e-grid-align-right elementor-grid-0 elementor-widget elementor-widget-social-icons\" data-id=\"1c8f9a9\" data-element_type=\"widget\" data-e-type=\"widget\" data-widget_type=\"social-icons.default\">\n\t\t\t\t<div class=\"elementor-widget-container\">\n\t\t\t\t\t\t\t<div class=\"elementor-social-icons-wrapper elementor-grid\" role=\"list\">\n\t\t\t\t\t\t\t<span class=\"elementor-grid-item\" role=\"listitem\">\n\t\t\t\t\t<a class=\"elementor-icon elementor-social-icon elementor-social-icon-facebook elementor-repeater-item-37e2f59\" href=\"https:\/\/www.facebook.com\/employmeproject\/\" target=\"_blank\">\n\t\t\t\t\t\t<span class=\"elementor-screen-only\">Facebook<\/span>\n\t\t\t\t\t\t<i aria-hidden=\"true\" class=\"fab fa-facebook\"><\/i>\t\t\t\t\t<\/a>\n\t\t\t\t<\/span>\n\t\t\t\t\t\t\t<span class=\"elementor-grid-item\" role=\"listitem\">\n\t\t\t\t\t<a class=\"elementor-icon elementor-social-icon elementor-social-icon-instagram elementor-repeater-item-170f7f7\" href=\"https:\/\/www.instagram.com\/employme_project\/\" target=\"_blank\">\n\t\t\t\t\t\t<span class=\"elementor-screen-only\">Instagram<\/span>\n\t\t\t\t\t\t<i aria-hidden=\"true\" class=\"fab fa-instagram\"><\/i>\t\t\t\t\t<\/a>\n\t\t\t\t<\/span>\n\t\t\t\t\t<\/div>\n\t\t\t\t\t\t<\/div>\n\t\t\t\t<\/div>\n\t\t\t\t\t<\/div>\n\t\t<\/div>\n\t\t\t\t\t<\/div>\n\t\t<\/section>\n\t\t\t\t<section class=\"elementor-section elementor-top-section elementor-element elementor-element-f4a5f16 elementor-section-boxed elementor-section-height-default elementor-section-height-default\" data-id=\"f4a5f16\" data-element_type=\"section\" data-e-type=\"section\" data-settings=\"{&quot;background_background&quot;:&quot;classic&quot;,&quot;_ha_eqh_enable&quot;:false}\">\n\t\t\t\t\t\t<div class=\"elementor-container elementor-column-gap-default\">\n\t\t\t\t\t<div class=\"elementor-column elementor-col-100 elementor-top-column elementor-element elementor-element-6656d05\" data-id=\"6656d05\" data-element_type=\"column\" data-e-type=\"column\">\n\t\t\t<div class=\"elementor-widget-wrap elementor-element-populated\">\n\t\t\t\t\t\t<div class=\"elementor-element elementor-element-f137b59 elementor-widget-divider--view-line elementor-widget elementor-widget-divider\" data-id=\"f137b59\" data-element_type=\"widget\" data-e-type=\"widget\" data-widget_type=\"divider.default\">\n\t\t\t\t<div class=\"elementor-widget-container\">\n\t\t\t\t\t\t\t<div class=\"elementor-divider\">\n\t\t\t<span class=\"elementor-divider-separator\">\n\t\t\t\t\t\t<\/span>\n\t\t<\/div>\n\t\t\t\t\t\t<\/div>\n\t\t\t\t<\/div>\n\t\t\t\t\t<\/div>\n\t\t<\/div>\n\t\t\t\t\t<\/div>\n\t\t<\/section>\n\t\t\t\t<section class=\"elementor-section elementor-top-section elementor-element elementor-element-529740b elementor-section-boxed elementor-section-height-default elementor-section-height-default\" data-id=\"529740b\" data-element_type=\"section\" data-e-type=\"section\" data-settings=\"{&quot;_ha_eqh_enable&quot;:false}\">\n\t\t\t\t\t\t<div class=\"elementor-container elementor-column-gap-default\">\n\t\t\t\t\t<div class=\"elementor-column elementor-col-33 elementor-top-column elementor-element elementor-element-a60d900\" data-id=\"a60d900\" data-element_type=\"column\" data-e-type=\"column\">\n\t\t\t<div class=\"elementor-widget-wrap elementor-element-populated\">\n\t\t\t\t\t\t<div class=\"elementor-element elementor-element-2cb7734 elementor-widget elementor-widget-text-editor\" data-id=\"2cb7734\" data-element_type=\"widget\" data-e-type=\"widget\" data-widget_type=\"text-editor.default\">\n\t\t\t\t<div class=\"elementor-widget-container\">\n\t\t\t\t\t\t\t\t\t<p>Copyright \u00a9 2023 Employ Me. All Rights Reserved<\/p>\t\t\t\t\t\t\t\t<\/div>\n\t\t\t\t<\/div>\n\t\t\t\t\t<\/div>\n\t\t<\/div>\n\t\t\t\t<div class=\"elementor-column elementor-col-33 elementor-top-column elementor-element elementor-element-774d8f7\" data-id=\"774d8f7\" data-element_type=\"column\" data-e-type=\"column\">\n\t\t\t<div class=\"elementor-widget-wrap elementor-element-populated\">\n\t\t\t\t\t\t<div class=\"elementor-element elementor-element-2d0e6a4 elementor-widget elementor-widget-text-editor\" data-id=\"2d0e6a4\" data-element_type=\"widget\" data-e-type=\"widget\" data-widget_type=\"text-editor.default\">\n\t\t\t\t<div class=\"elementor-widget-container\">\n\t\t\t\t\t\t\t\t\t<a style=\"color: #7a7a7a;\" href=\"https:\/\/employ-me.eu\/?page_id=187\" target=\"_blank\" rel=\"noopener\">Terms of Use<\/a>\t\t\t\t\t\t\t\t<\/div>\n\t\t\t\t<\/div>\n\t\t\t\t\t<\/div>\n\t\t<\/div>\n\t\t\t\t<div class=\"elementor-column elementor-col-33 elementor-top-column elementor-element elementor-element-03bf9f5\" data-id=\"03bf9f5\" data-element_type=\"column\" data-e-type=\"column\">\n\t\t\t<div class=\"elementor-widget-wrap elementor-element-populated\">\n\t\t\t\t\t\t<div class=\"elementor-element elementor-element-376657b elementor-widget elementor-widget-text-editor\" data-id=\"376657b\" data-element_type=\"widget\" data-e-type=\"widget\" data-widget_type=\"text-editor.default\">\n\t\t\t\t<div class=\"elementor-widget-container\">\n\t\t\t\t\t\t\t\t\t<span style=\"color: #797979; text-align: left;\">Powered by\u00a0<\/span><a style=\"color: #797979; text-align: right;\" href=\"https:\/\/innovationhive.eu\/\" target=\"_blank\" rel=\"noopener\">Innovation Hive<\/a>\t\t\t\t\t\t\t\t<\/div>\n\t\t\t\t<\/div>\n\t\t\t\t\t<\/div>\n\t\t<\/div>\n\t\t\t\t\t<\/div>\n\t\t<\/section>\n\t\t\t\t<\/div>\n\t\t","protected":false},"excerpt":{"rendered":"<p>Projektas Projekto apra\u0161ymas EMPLOY ME partneriai siekia sukurti nauj\u0105 inovatyvi\u0105 mokymo form\u0105, kuri \u012fgalins bedarbius 2-osios kartos migrantus pl\u0117toti, patobulinti [&hellip;]<\/p>\n","protected":false},"author":1,"featured_media":0,"parent":0,"menu_order":0,"comment_status":"closed","ping_status":"closed","template":"page-templates\/template_page-builder.php","meta":{"_monsterinsights_skip_tracking":false,"_monsterinsights_sitenote_active":false,"_monsterinsights_sitenote_note":"","_monsterinsights_sitenote_category":0,"footnotes":""},"class_list":["post-453","page","type-page","status-publish","hentry"],"aioseo_notices":[],"_links":{"self":[{"href":"https:\/\/employ-me.eu\/index.php?rest_route=\/wp\/v2\/pages\/453","targetHints":{"allow":["GET"]}}],"collection":[{"href":"https:\/\/employ-me.eu\/index.php?rest_route=\/wp\/v2\/pages"}],"about":[{"href":"https:\/\/employ-me.eu\/index.php?rest_route=\/wp\/v2\/types\/page"}],"author":[{"embeddable":true,"href":"https:\/\/employ-me.eu\/index.php?rest_route=\/wp\/v2\/users\/1"}],"replies":[{"embeddable":true,"href":"https:\/\/employ-me.eu\/index.php?rest_route=%2Fwp%2Fv2%2Fcomments&post=453"}],"version-history":[{"count":13,"href":"https:\/\/employ-me.eu\/index.php?rest_route=\/wp\/v2\/pages\/453\/revisions"}],"predecessor-version":[{"id":3061,"href":"https:\/\/employ-me.eu\/index.php?rest_route=\/wp\/v2\/pages\/453\/revisions\/3061"}],"wp:attachment":[{"href":"https:\/\/employ-me.eu\/index.php?rest_route=%2Fwp%2Fv2%2Fmedia&parent=453"}],"curies":[{"name":"wp","href":"https:\/\/api.w.org\/{rel}","templated":true}]}}